{"id":947,"date":"2025-07-23T03:36:35","date_gmt":"2025-07-23T03:36:35","guid":{"rendered":"https:\/\/internationalboost.com\/?page_id=947"},"modified":"2026-02-20T09:02:00","modified_gmt":"2026-02-20T09:02:00","slug":"privacy-policy","status":"publish","type":"page","link":"https:\/\/www.internationalboost.com\/en\/politique-de-confidentialite\/","title":{"rendered":"Privacy policy"},"content":{"rendered":"<div data-elementor-type=\"wp-page\" data-elementor-id=\"947\" class=\"elementor elementor-947\" data-elementor-post-type=\"page\">\n\t\t\t\t<div class=\"elementor-element elementor-element-21c35cd1 e-flex e-con-boxed wcf-starter-animations-none e-con e-parent\" data-id=\"21c35cd1\" data-element_type=\"container\" data-e-type=\"container\">\n\t\t\t\t\t<div class=\"e-con-inner\">\n\t\t\t\t<div class=\"elementor-element elementor-element-2f2ef7ff wcf-starter-animations-none elementor-widget elementor-widget-text-editor\" data-id=\"2f2ef7ff\" data-element_type=\"widget\" data-e-type=\"widget\" data-settings=\"{&quot;wcf_starter_animations&quot;:&quot;none&quot;,&quot;wcf_anim_duration&quot;:1000,&quot;wcf_anim_delay&quot;:0,&quot;wcf_anim_ease&quot;:&quot;ease&quot;}\" data-no-translation=\"\" data-widget_type=\"text-editor.default\">\n\t\t\t\t\t<style>.elementor-element-2f2ef7ff{display:none !important}<\/style>\t\t\t\t<\/div>\n\t\t\t\t<div class=\"elementor-element elementor-element-cc8fe4b wcf-starter-animations-none elementor-widget elementor-widget-text-editor\" data-id=\"cc8fe4b\" data-element_type=\"widget\" data-e-type=\"widget\" data-settings=\"{&quot;wcf_starter_animations&quot;:&quot;none&quot;,&quot;wcf_anim_duration&quot;:1000,&quot;wcf_anim_delay&quot;:0,&quot;wcf_anim_ease&quot;:&quot;ease&quot;}\" data-no-translation=\"\" data-widget_type=\"text-editor.default\">\n\t\t\t\t\t\t\t\t\t<h2>VERSION ANGLAISE<\/h2>\t\t\t\t\t\t\t\t<\/div>\n\t\t\t\t\t<\/div>\n\t\t\t\t<\/div>\n\t\t\t\t<\/div>","protected":false},"excerpt":{"rendered":"<p>POLITIQUE DE CONFIDENTIALIT\u00c9 COLLECTE DE DONN\u00c9ES \u2013 UTILISATION DE COOKIES \u2013 CONSENTEMENT Pour acc\u00e9der aux ressources et services de INTERNATIONAL BOOST, les utilisateurs renseignent des donn\u00e9es \u00e0 caract\u00e8re personnel telles que, notamment, leur adresse \u00e9lectronique, leur nom, leur adresse, leur num\u00e9ro de t\u00e9l\u00e9phone. De m\u00eame, lorsqu\u2019un utilisateur inscrit se connecte sur le Site, son adresse [&hellip;]<\/p>\n","protected":false},"author":4,"featured_media":0,"parent":0,"menu_order":0,"comment_status":"closed","ping_status":"closed","template":"elementor_header_footer","meta":{"_acf_changed":false,"_monsterinsights_skip_tracking":false,"_monsterinsights_sitenote_active":false,"_monsterinsights_sitenote_note":"","_monsterinsights_sitenote_category":0,"footnotes":""},"class_list":["post-947","page","type-page","status-publish","hentry"],"acf":[],"yoast_head":"<!-- This site is optimized with the Yoast SEO Premium plugin v27.5 (Yoast SEO v27.5) - https:\/\/yoast.com\/product\/yoast-seo-premium-wordpress\/ -->\n<title>Politique de confidentialit\u00e9 - International Boost<\/title>\n<meta name=\"robots\" content=\"index, follow, max-snippet:-1, max-image-preview:large, max-video-preview:-1\" \/>\n<link rel=\"canonical\" href=\"https:\/\/internationalboost.com\/politique-de-confidentialite\/\" \/>\n<meta property=\"og:locale\" content=\"en_US\" \/>\n<meta property=\"og:type\" content=\"article\" \/>\n<meta property=\"og:title\" content=\"Politique de confidentialit\u00e9\" \/>\n<meta property=\"og:description\" content=\"POLITIQUE DE CONFIDENTIALIT\u00c9 COLLECTE DE DONN\u00c9ES \u2013 UTILISATION DE COOKIES \u2013 CONSENTEMENT Pour acc\u00e9der aux ressources et services de INTERNATIONAL BOOST, les utilisateurs renseignent des donn\u00e9es \u00e0 caract\u00e8re personnel telles que, notamment, leur adresse \u00e9lectronique, leur nom, leur adresse, leur num\u00e9ro de t\u00e9l\u00e9phone. De m\u00eame, lorsqu\u2019un utilisateur inscrit se connecte sur le Site, son adresse [&hellip;]\" \/>\n<meta property=\"og:url\" content=\"https:\/\/internationalboost.com\/politique-de-confidentialite\/\" \/>\n<meta property=\"og:site_name\" content=\"International Boost\" \/>\n<meta property=\"article:publisher\" content=\"https:\/\/www.facebook.com\/internationalboost\/\" \/>\n<meta property=\"article:modified_time\" content=\"2026-02-20T09:02:00+00:00\" \/>\n<meta name=\"twitter:card\" content=\"summary_large_image\" \/>\n<meta name=\"twitter:site\" content=\"@intlboost\" \/>\n<meta name=\"twitter:label1\" content=\"Est. reading time\" \/>\n\t<meta name=\"twitter:data1\" content=\"5 minutes\" \/>\n<script type=\"application\/ld+json\" class=\"yoast-schema-graph\">{\"@context\":\"https:\\\/\\\/schema.org\",\"@graph\":[{\"@type\":\"WebPage\",\"@id\":\"https:\\\/\\\/internationalboost.com\\\/politique-de-confidentialite\\\/\",\"url\":\"https:\\\/\\\/internationalboost.com\\\/politique-de-confidentialite\\\/\",\"name\":\"Politique de confidentialit\u00e9 - International Boost\",\"isPartOf\":{\"@id\":\"https:\\\/\\\/internationalboost.com\\\/#website\"},\"datePublished\":\"2025-07-23T03:36:35+00:00\",\"dateModified\":\"2026-02-20T09:02:00+00:00\",\"breadcrumb\":{\"@id\":\"https:\\\/\\\/internationalboost.com\\\/politique-de-confidentialite\\\/#breadcrumb\"},\"inLanguage\":\"en-US\",\"potentialAction\":[{\"@type\":\"ReadAction\",\"target\":[\"https:\\\/\\\/internationalboost.com\\\/politique-de-confidentialite\\\/\"]}]},{\"@type\":\"BreadcrumbList\",\"@id\":\"https:\\\/\\\/internationalboost.com\\\/politique-de-confidentialite\\\/#breadcrumb\",\"itemListElement\":[{\"@type\":\"ListItem\",\"position\":1,\"name\":\"Accueil\",\"item\":\"https:\\\/\\\/www.internationalboost.com\\\/\"},{\"@type\":\"ListItem\",\"position\":2,\"name\":\"Politique de confidentialit\u00e9\"}]},{\"@type\":\"WebSite\",\"@id\":\"https:\\\/\\\/internationalboost.com\\\/#website\",\"url\":\"https:\\\/\\\/internationalboost.com\\\/\",\"name\":\"International Boost\",\"description\":\"\",\"publisher\":{\"@id\":\"https:\\\/\\\/internationalboost.com\\\/#organization\"},\"potentialAction\":[{\"@type\":\"SearchAction\",\"target\":{\"@type\":\"EntryPoint\",\"urlTemplate\":\"https:\\\/\\\/internationalboost.com\\\/?s={search_term_string}\"},\"query-input\":{\"@type\":\"PropertyValueSpecification\",\"valueRequired\":true,\"valueName\":\"search_term_string\"}}],\"inLanguage\":\"en-US\"},{\"@type\":\"Organization\",\"@id\":\"https:\\\/\\\/internationalboost.com\\\/#organization\",\"name\":\"International Boost\",\"url\":\"https:\\\/\\\/internationalboost.com\\\/\",\"logo\":{\"@type\":\"ImageObject\",\"inLanguage\":\"en-US\",\"@id\":\"https:\\\/\\\/internationalboost.com\\\/#\\\/schema\\\/logo\\\/image\\\/\",\"url\":\"https:\\\/\\\/internationalboost.com\\\/wp-content\\\/uploads\\\/2025\\\/12\\\/orange-bleu-no-fond.svg\",\"contentUrl\":\"https:\\\/\\\/internationalboost.com\\\/wp-content\\\/uploads\\\/2025\\\/12\\\/orange-bleu-no-fond.svg\",\"width\":646,\"height\":538,\"caption\":\"International Boost\"},\"image\":{\"@id\":\"https:\\\/\\\/internationalboost.com\\\/#\\\/schema\\\/logo\\\/image\\\/\"},\"sameAs\":[\"https:\\\/\\\/www.facebook.com\\\/internationalboost\\\/\",\"https:\\\/\\\/x.com\\\/intlboost\",\"https:\\\/\\\/www.linkedin.com\\\/company\\\/international-boost\\\/\",\"https:\\\/\\\/www.youtube.com\\\/@internationalboost2098\"]}]}<\/script>\n<!-- \/ Yoast SEO Premium plugin. -->","yoast_head_json":{"title":"Politique de confidentialit\u00e9 - International Boost","robots":{"index":"index","follow":"follow","max-snippet":"max-snippet:-1","max-image-preview":"max-image-preview:large","max-video-preview":"max-video-preview:-1"},"canonical":"https:\/\/internationalboost.com\/politique-de-confidentialite\/","og_locale":"en_US","og_type":"article","og_title":"Politique de confidentialit\u00e9","og_description":"POLITIQUE DE CONFIDENTIALIT\u00c9 COLLECTE DE DONN\u00c9ES \u2013 UTILISATION DE COOKIES \u2013 CONSENTEMENT Pour acc\u00e9der aux ressources et services de INTERNATIONAL BOOST, les utilisateurs renseignent des donn\u00e9es \u00e0 caract\u00e8re personnel telles que, notamment, leur adresse \u00e9lectronique, leur nom, leur adresse, leur num\u00e9ro de t\u00e9l\u00e9phone. De m\u00eame, lorsqu\u2019un utilisateur inscrit se connecte sur le Site, son adresse [&hellip;]","og_url":"https:\/\/internationalboost.com\/politique-de-confidentialite\/","og_site_name":"International Boost","article_publisher":"https:\/\/www.facebook.com\/internationalboost\/","article_modified_time":"2026-02-20T09:02:00+00:00","twitter_card":"summary_large_image","twitter_site":"@intlboost","twitter_misc":{"Est. reading time":"5 minutes"},"schema":{"@context":"https:\/\/schema.org","@graph":[{"@type":"WebPage","@id":"https:\/\/internationalboost.com\/politique-de-confidentialite\/","url":"https:\/\/internationalboost.com\/politique-de-confidentialite\/","name":"Politique de confidentialit\u00e9 - International Boost","isPartOf":{"@id":"https:\/\/internationalboost.com\/#website"},"datePublished":"2025-07-23T03:36:35+00:00","dateModified":"2026-02-20T09:02:00+00:00","breadcrumb":{"@id":"https:\/\/internationalboost.com\/politique-de-confidentialite\/#breadcrumb"},"inLanguage":"en-US","potentialAction":[{"@type":"ReadAction","target":["https:\/\/internationalboost.com\/politique-de-confidentialite\/"]}]},{"@type":"BreadcrumbList","@id":"https:\/\/internationalboost.com\/politique-de-confidentialite\/#breadcrumb","itemListElement":[{"@type":"ListItem","position":1,"name":"Accueil","item":"https:\/\/www.internationalboost.com\/"},{"@type":"ListItem","position":2,"name":"Politique de confidentialit\u00e9"}]},{"@type":"WebSite","@id":"https:\/\/internationalboost.com\/#website","url":"https:\/\/internationalboost.com\/","name":"International Boost","description":"","publisher":{"@id":"https:\/\/internationalboost.com\/#organization"},"potentialAction":[{"@type":"SearchAction","target":{"@type":"EntryPoint","urlTemplate":"https:\/\/internationalboost.com\/?s={search_term_string}"},"query-input":{"@type":"PropertyValueSpecification","valueRequired":true,"valueName":"search_term_string"}}],"inLanguage":"en-US"},{"@type":"Organization","@id":"https:\/\/internationalboost.com\/#organization","name":"International Boost","url":"https:\/\/internationalboost.com\/","logo":{"@type":"ImageObject","inLanguage":"en-US","@id":"https:\/\/internationalboost.com\/#\/schema\/logo\/image\/","url":"https:\/\/internationalboost.com\/wp-content\/uploads\/2025\/12\/orange-bleu-no-fond.svg","contentUrl":"https:\/\/internationalboost.com\/wp-content\/uploads\/2025\/12\/orange-bleu-no-fond.svg","width":646,"height":538,"caption":"International Boost"},"image":{"@id":"https:\/\/internationalboost.com\/#\/schema\/logo\/image\/"},"sameAs":["https:\/\/www.facebook.com\/internationalboost\/","https:\/\/x.com\/intlboost","https:\/\/www.linkedin.com\/company\/international-boost\/","https:\/\/www.youtube.com\/@internationalboost2098"]}]}},"_links":{"self":[{"href":"https:\/\/www.internationalboost.com\/en\/wp-json\/wp\/v2\/pages\/947","targetHints":{"allow":["GET"]}}],"collection":[{"href":"https:\/\/www.internationalboost.com\/en\/wp-json\/wp\/v2\/pages"}],"about":[{"href":"https:\/\/www.internationalboost.com\/en\/wp-json\/wp\/v2\/types\/page"}],"author":[{"embeddable":true,"href":"https:\/\/www.internationalboost.com\/en\/wp-json\/wp\/v2\/users\/4"}],"replies":[{"embeddable":true,"href":"https:\/\/www.internationalboost.com\/en\/wp-json\/wp\/v2\/comments?post=947"}],"version-history":[{"count":0,"href":"https:\/\/www.internationalboost.com\/en\/wp-json\/wp\/v2\/pages\/947\/revisions"}],"wp:attachment":[{"href":"https:\/\/www.internationalboost.com\/en\/wp-json\/wp\/v2\/media?parent=947"}],"curies":[{"name":"wp","href":"https:\/\/api.w.org\/{rel}","templated":true}]}}